{"id":374,"date":"2026-01-19T16:02:05","date_gmt":"2026-01-19T16:02:05","guid":{"rendered":"https:\/\/wearemvmt.fr\/?page_id=374"},"modified":"2026-01-26T11:56:14","modified_gmt":"2026-01-26T11:56:14","slug":"contactez-mvmt","status":"publish","type":"page","link":"https:\/\/wearemvmt.fr\/en\/contactez-mvmt\/","title":{"rendered":"Contact us"},"content":{"rendered":"<div data-elementor-type=\"wp-page\" data-elementor-id=\"374\" class=\"elementor elementor-374\" data-elementor-post-type=\"page\">\n\t\t\t\t<div class=\"elementor-element elementor-element-b5a3c88 e-flex e-con-boxed e-con e-parent\" data-id=\"b5a3c88\" data-element_type=\"container\">\n\t\t\t\t\t<div class=\"e-con-inner\">\n\t\t<div class=\"elementor-element elementor-element-87ec9e9 e-con-full e-flex e-con e-child\" data-id=\"87ec9e9\" data-element_type=\"container\">\n\t\t\t\t<div class=\"elementor-element elementor-element-074553c elementor-widget__width-inherit elementor-widget elementor-widget-heading\" data-id=\"074553c\" data-element_type=\"widget\" data-widget_type=\"heading.default\">\n\t\t\t\t\t<h4 class=\"elementor-heading-title elementor-size-default\">Form<\/h4>\t\t\t\t<\/div>\n\t\t\t\t<div class=\"elementor-element elementor-element-ed4d4b5 elementor-widget elementor-widget-heading\" data-id=\"ed4d4b5\" data-element_type=\"widget\" data-widget_type=\"heading.default\">\n\t\t\t\t\t<h2 class=\"elementor-heading-title elementor-size-default\">Contact us<\/h2>\t\t\t\t<\/div>\n\t\t\t\t<div class=\"elementor-element elementor-element-e07b1c1 elementor-widget elementor-widget-text-editor\" data-id=\"e07b1c1\" data-element_type=\"widget\" data-widget_type=\"text-editor.default\">\n\t\t\t\t\t\t\t\t\t<p>Every journey starts with a conversation.<\/p><p>Whether you are a business owner, an operator, or an investor, this first message helps us understand your story, your priorities, and your long-term vision.<\/p><p>At MVMT, we value direct, human and confidential exchanges.<\/p>\t\t\t\t\t\t\t\t<\/div>\n\t\t\t\t<\/div>\n\t\t<div class=\"elementor-element elementor-element-8734e76 e-con-full e-flex e-con e-child\" data-id=\"8734e76\" data-element_type=\"container\" data-settings=\"{&quot;background_background&quot;:&quot;classic&quot;}\">\n\t\t\t\t<div class=\"elementor-element elementor-element-75d4a24 elementor-widget elementor-widget-wpforms\" data-id=\"75d4a24\" data-element_type=\"widget\" data-widget_type=\"wpforms.default\">\n\t\t\t\t<div class=\"elementor-widget-container\">\n\t\t\t\t\t<style id=\"wpforms-css-vars-elementor-widget-75d4a24\">\n\t\t\t\t.elementor-widget-wpforms.elementor-element-75d4a24 {\n\t\t\t\t--wpforms-button-border-radius: 12px;\n--wpforms-button-background-color: #0B1B3D;\n\t\t\t}\n\t\t\t<\/style><div class=\"wpforms-container wpforms-container-full wpforms-render-modern\" id=\"wpforms-425\"><form id=\"wpforms-form-425\" class=\"wpforms-validate wpforms-form wpforms-ajax-form\" data-formid=\"425\" method=\"post\" enctype=\"multipart\/form-data\" action=\"\/en\/wp-json\/wp\/v2\/pages\/374\" data-token=\"288a1ed8a240e0493094ce8e4f8e0a90\" data-token-time=\"1775725119\" data-trp-original-action=\"\/en\/wp-json\/wp\/v2\/pages\/374\"><noscript class=\"wpforms-error-noscript\">Please enable JavaScript in your browser to complete this form.<\/noscript><div id=\"wpforms-error-noscript\" style=\"display: none;\">Please enable JavaScript in your browser to complete this form.<\/div><div class=\"wpforms-field-container\">\t\t<div id=\"wpforms-425-field_4-container\"\n\t\t\tclass=\"wpforms-field wpforms-field-text\"\n\t\t\tdata-field-type=\"text\"\n\t\t\tdata-field-id=\"4\"\n\t\t\t>\n\t\t\t<label class=\"wpforms-field-label\" for=\"wpforms-425-field_4\" >Entreprise T\u00e9l\u00e9phone Votre<\/label>\n\t\t\t<input type=\"text\" id=\"wpforms-425-field_4\" class=\"wpforms-field-medium\" name=\"wpforms[fields][4]\" >\n\t\t<\/div>\n\t\t<div id=\"wpforms-425-field_1-container\" class=\"wpforms-field wpforms-field-name\" data-field-id=\"1\"><label class=\"wpforms-field-label\" for=\"wpforms-425-field_1\">Nom <span class=\"wpforms-required-label\" aria-hidden=\"true\">*<\/span><\/label><input type=\"text\" id=\"wpforms-425-field_1\" class=\"wpforms-field-large wpforms-field-required\" name=\"wpforms[fields][1]\" value=\"Votre nom et pr\u00e9nom\" aria-errormessage=\"wpforms-425-field_1-error\" required><\/div><div id=\"wpforms-425-field_5-container\" class=\"wpforms-field wpforms-field-text\" data-field-id=\"5\"><label class=\"wpforms-field-label\" for=\"wpforms-425-field_5\">Entreprise<\/label><input type=\"text\" id=\"wpforms-425-field_5\" class=\"wpforms-field-large\" name=\"wpforms[fields][5]\" value=\"Le nom de votre entreprise\" aria-errormessage=\"wpforms-425-field_5-error\" ><\/div><div id=\"wpforms-425-field_6-container\" class=\"wpforms-field wpforms-field-text\" data-field-id=\"6\"><label class=\"wpforms-field-label\" for=\"wpforms-425-field_6\">Site web<\/label><input type=\"text\" id=\"wpforms-425-field_6\" class=\"wpforms-field-large\" name=\"wpforms[fields][6]\" value=\"www.monentreprise.com\" aria-errormessage=\"wpforms-425-field_6-error\" ><\/div><div id=\"wpforms-425-field_7-container\" class=\"wpforms-field wpforms-field-text\" data-field-id=\"7\"><label class=\"wpforms-field-label\" for=\"wpforms-425-field_7\">T\u00e9l\u00e9phone <span class=\"wpforms-required-label\" aria-hidden=\"true\">*<\/span><\/label><input type=\"text\" id=\"wpforms-425-field_7\" class=\"wpforms-field-large wpforms-field-required\" name=\"wpforms[fields][7]\" value=\"06 00 00 ...\" aria-errormessage=\"wpforms-425-field_7-error\" required><\/div><div id=\"wpforms-425-field_2-container\" class=\"wpforms-field wpforms-field-email\" data-field-id=\"2\"><label class=\"wpforms-field-label\" for=\"wpforms-425-field_2\">E-mail <span class=\"wpforms-required-label\" aria-hidden=\"true\">*<\/span><\/label><input type=\"email\" id=\"wpforms-425-field_2\" class=\"wpforms-field-large wpforms-field-required\" name=\"wpforms[fields][2]\" value=\"nom@entreprise.com\" spellcheck=\"false\" aria-errormessage=\"wpforms-425-field_2-error\" required><\/div><div id=\"wpforms-425-field_8-container\" class=\"wpforms-field wpforms-field-email\" data-field-id=\"8\"><label class=\"wpforms-field-label\" for=\"wpforms-425-field_8\">LinkedIn <span class=\"wpforms-required-label\" aria-hidden=\"true\">*<\/span><\/label><input type=\"email\" id=\"wpforms-425-field_8\" class=\"wpforms-field-large wpforms-field-required\" name=\"wpforms[fields][8]\" spellcheck=\"false\" aria-errormessage=\"wpforms-425-field_8-error\" required><\/div><div id=\"wpforms-425-field_3-container\" class=\"wpforms-field wpforms-field-textarea\" data-field-id=\"3\"><label class=\"wpforms-field-label\" for=\"wpforms-425-field_3\">Votre message <span class=\"wpforms-required-label\" aria-hidden=\"true\">*<\/span><\/label><textarea id=\"wpforms-425-field_3\" class=\"wpforms-field-large wpforms-field-required\" name=\"wpforms[fields][3]\" aria-errormessage=\"wpforms-425-field_3-error\" required>Une pr\u00e9cision, une question particuli\u00e8re ?<\/textarea><\/div><script>\n\t\t\t\t( function() {\n\t\t\t\t\tconst style = document.createElement( 'style' );\n\t\t\t\t\tstyle.appendChild( document.createTextNode( '#wpforms-425-field_4-container { position: absolute !important; overflow: hidden !important; display: inline !important; height: 1px !important; width: 1px !important; z-index: -1000 !important; padding: 0 !important; } #wpforms-425-field_4-container input { visibility: hidden; } #wpforms-conversational-form-page #wpforms-425-field_4-container label { counter-increment: none; }' ) );\n\t\t\t\t\tdocument.head.appendChild( style );\n\t\t\t\t\tdocument.currentScript?.remove();\n\t\t\t\t} )();\n\t\t\t<\/script><\/div><!-- .wpforms-field-container --><div class=\"wpforms-recaptcha-container wpforms-is-recaptcha wpforms-is-recaptcha-type-v3\" ><input type=\"hidden\" name=\"wpforms[recaptcha]\" value=\"\"><\/div><div class=\"wpforms-submit-container\" ><input type=\"hidden\" name=\"wpforms[id]\" value=\"425\"><input type=\"hidden\" name=\"page_title\" value=\"\"><input type=\"hidden\" name=\"page_url\" value=\"https:\/\/wearemvmt.fr\/en\/wp-json\/wp\/v2\/pages\/374\"><input type=\"hidden\" name=\"url_referer\" value=\"\"><button type=\"submit\" name=\"wpforms[submit]\" id=\"wpforms-submit-425\" class=\"wpforms-submit\" data-alt-text=\"Envoi...\" data-submit-text=\"Envoyer\" aria-live=\"assertive\" value=\"wpforms-submit\">Envoyer<\/button><img decoding=\"async\" src=\"https:\/\/wearemvmt.fr\/wp-content\/plugins\/wpforms-lite\/assets\/images\/submit-spin.svg\" class=\"wpforms-submit-spinner\" style=\"display: none;\" width=\"26\" height=\"26\" alt=\"Loading\"><\/div><input type=\"hidden\" name=\"trp-form-language\" value=\"en\"\/><\/form><\/div>  <!-- .wpforms-container -->\t\t\t\t<\/div>\n\t\t\t\t<\/div>\n\t\t\t\t<\/div>\n\t\t\t\t\t<\/div>\n\t\t\t\t<\/div>\n\t\t\t\t<\/div>","protected":false},"excerpt":{"rendered":"<p>Formulaire Contactez MVMT Chaque transmission commence par une discussion. Que vous soyez dirigeant, repreneur ou investisseur, ce premier message nous permet de comprendre votre histoire, vos priorit\u00e9s et votre horizon. Chez MVMT, nous privil\u00e9gions les \u00e9changes directs, humains et confidentiels. Veuillez activer JavaScript dans votre navigateur pour remplir ce formulaire.Veuillez activer JavaScript dans votre navigateur [&hellip;]<\/p>","protected":false},"author":2,"featured_media":0,"parent":0,"menu_order":0,"comment_status":"closed","ping_status":"closed","template":"","meta":{"footnotes":""},"class_list":["post-374","page","type-page","status-publish","hentry"],"yoast_head":"<!-- This site is optimized with the Yoast SEO plugin v26.8 - https:\/\/yoast.com\/product\/yoast-seo-wordpress\/ -->\n<title>Contactez MVMT - MVMT<\/title>\n<meta name=\"robots\" content=\"index, follow, max-snippet:-1, max-image-preview:large, max-video-preview:-1\" \/>\n<link rel=\"canonical\" href=\"https:\/\/wearemvmt.fr\/en\/contactez-mvmt\/\" \/>\n<meta property=\"og:locale\" content=\"en_US\" \/>\n<meta property=\"og:type\" content=\"article\" \/>\n<meta property=\"og:title\" content=\"Contactez MVMT - MVMT\" \/>\n<meta property=\"og:description\" content=\"Formulaire Contactez MVMT Chaque transmission commence par une discussion. Que vous soyez dirigeant, repreneur ou investisseur, ce premier message nous permet de comprendre votre histoire, vos priorit\u00e9s et votre horizon. Chez MVMT, nous privil\u00e9gions les \u00e9changes directs, humains et confidentiels. Veuillez activer JavaScript dans votre navigateur pour remplir ce formulaire.Veuillez activer JavaScript dans votre navigateur [&hellip;]\" \/>\n<meta property=\"og:url\" content=\"https:\/\/wearemvmt.fr\/en\/contactez-mvmt\/\" \/>\n<meta property=\"og:site_name\" content=\"MVMT\" \/>\n<meta property=\"article:modified_time\" content=\"2026-01-26T11:56:14+00:00\" \/>\n<meta property=\"og:image\" content=\"https:\/\/wearemvmt.fr\/wp-content\/plugins\/wpforms-lite\/assets\/images\/submit-spin.svg\" \/>\n<meta name=\"twitter:card\" content=\"summary_large_image\" \/>\n<meta name=\"twitter:label1\" content=\"Est. reading time\" \/>\n\t<meta name=\"twitter:data1\" content=\"1 minute\" \/>\n<script type=\"application\/ld+json\" class=\"yoast-schema-graph\">{\"@context\":\"https:\/\/schema.org\",\"@graph\":[{\"@type\":\"WebPage\",\"@id\":\"https:\/\/wearemvmt.fr\/contactez-mvmt\/\",\"url\":\"https:\/\/wearemvmt.fr\/contactez-mvmt\/\",\"name\":\"Contactez MVMT - MVMT\",\"isPartOf\":{\"@id\":\"https:\/\/wearemvmt.fr\/#website\"},\"primaryImageOfPage\":{\"@id\":\"https:\/\/wearemvmt.fr\/contactez-mvmt\/#primaryimage\"},\"image\":{\"@id\":\"https:\/\/wearemvmt.fr\/contactez-mvmt\/#primaryimage\"},\"thumbnailUrl\":\"https:\/\/wearemvmt.fr\/wp-content\/plugins\/wpforms-lite\/assets\/images\/submit-spin.svg\",\"datePublished\":\"2026-01-19T16:02:05+00:00\",\"dateModified\":\"2026-01-26T11:56:14+00:00\",\"breadcrumb\":{\"@id\":\"https:\/\/wearemvmt.fr\/contactez-mvmt\/#breadcrumb\"},\"inLanguage\":\"en-US\",\"potentialAction\":[{\"@type\":\"ReadAction\",\"target\":[\"https:\/\/wearemvmt.fr\/contactez-mvmt\/\"]}]},{\"@type\":\"ImageObject\",\"inLanguage\":\"en-US\",\"@id\":\"https:\/\/wearemvmt.fr\/contactez-mvmt\/#primaryimage\",\"url\":\"https:\/\/wearemvmt.fr\/wp-content\/plugins\/wpforms-lite\/assets\/images\/submit-spin.svg\",\"contentUrl\":\"https:\/\/wearemvmt.fr\/wp-content\/plugins\/wpforms-lite\/assets\/images\/submit-spin.svg\"},{\"@type\":\"BreadcrumbList\",\"@id\":\"https:\/\/wearemvmt.fr\/contactez-mvmt\/#breadcrumb\",\"itemListElement\":[{\"@type\":\"ListItem\",\"position\":1,\"name\":\"Home\",\"item\":\"https:\/\/wearemvmt.fr\/\"},{\"@type\":\"ListItem\",\"position\":2,\"name\":\"Contactez MVMT\"}]},{\"@type\":\"WebSite\",\"@id\":\"https:\/\/wearemvmt.fr\/#website\",\"url\":\"https:\/\/wearemvmt.fr\/\",\"name\":\"MVMT\",\"description\":\"Holding d&#039;investissement\",\"publisher\":{\"@id\":\"https:\/\/wearemvmt.fr\/#organization\"},\"potentialAction\":[{\"@type\":\"SearchAction\",\"target\":{\"@type\":\"EntryPoint\",\"urlTemplate\":\"https:\/\/wearemvmt.fr\/?s={search_term_string}\"},\"query-input\":{\"@type\":\"PropertyValueSpecification\",\"valueRequired\":true,\"valueName\":\"search_term_string\"}}],\"inLanguage\":\"en-US\"},{\"@type\":\"Organization\",\"@id\":\"https:\/\/wearemvmt.fr\/#organization\",\"name\":\"MVMT\",\"url\":\"https:\/\/wearemvmt.fr\/\",\"logo\":{\"@type\":\"ImageObject\",\"inLanguage\":\"en-US\",\"@id\":\"https:\/\/wearemvmt.fr\/#\/schema\/logo\/image\/\",\"url\":\"https:\/\/wearemvmt.fr\/wp-content\/uploads\/2026\/01\/logo-mvmt-1.png\",\"contentUrl\":\"https:\/\/wearemvmt.fr\/wp-content\/uploads\/2026\/01\/logo-mvmt-1.png\",\"width\":266,\"height\":80,\"caption\":\"MVMT\"},\"image\":{\"@id\":\"https:\/\/wearemvmt.fr\/#\/schema\/logo\/image\/\"}}]}<\/script>\n<!-- \/ Yoast SEO plugin. -->","yoast_head_json":{"title":"Contactez MVMT - MVMT","robots":{"index":"index","follow":"follow","max-snippet":"max-snippet:-1","max-image-preview":"max-image-preview:large","max-video-preview":"max-video-preview:-1"},"canonical":"https:\/\/wearemvmt.fr\/en\/contactez-mvmt\/","og_locale":"en_US","og_type":"article","og_title":"Contactez MVMT - MVMT","og_description":"Formulaire Contactez MVMT Chaque transmission commence par une discussion. Que vous soyez dirigeant, repreneur ou investisseur, ce premier message nous permet de comprendre votre histoire, vos priorit\u00e9s et votre horizon. Chez MVMT, nous privil\u00e9gions les \u00e9changes directs, humains et confidentiels. Veuillez activer JavaScript dans votre navigateur pour remplir ce formulaire.Veuillez activer JavaScript dans votre navigateur [&hellip;]","og_url":"https:\/\/wearemvmt.fr\/en\/contactez-mvmt\/","og_site_name":"MVMT","article_modified_time":"2026-01-26T11:56:14+00:00","og_image":[{"url":"https:\/\/wearemvmt.fr\/wp-content\/plugins\/wpforms-lite\/assets\/images\/submit-spin.svg","type":"","width":"","height":""}],"twitter_card":"summary_large_image","twitter_misc":{"Est. reading time":"1 minute"},"schema":{"@context":"https:\/\/schema.org","@graph":[{"@type":"WebPage","@id":"https:\/\/wearemvmt.fr\/contactez-mvmt\/","url":"https:\/\/wearemvmt.fr\/contactez-mvmt\/","name":"Contactez MVMT - MVMT","isPartOf":{"@id":"https:\/\/wearemvmt.fr\/#website"},"primaryImageOfPage":{"@id":"https:\/\/wearemvmt.fr\/contactez-mvmt\/#primaryimage"},"image":{"@id":"https:\/\/wearemvmt.fr\/contactez-mvmt\/#primaryimage"},"thumbnailUrl":"https:\/\/wearemvmt.fr\/wp-content\/plugins\/wpforms-lite\/assets\/images\/submit-spin.svg","datePublished":"2026-01-19T16:02:05+00:00","dateModified":"2026-01-26T11:56:14+00:00","breadcrumb":{"@id":"https:\/\/wearemvmt.fr\/contactez-mvmt\/#breadcrumb"},"inLanguage":"en-US","potentialAction":[{"@type":"ReadAction","target":["https:\/\/wearemvmt.fr\/contactez-mvmt\/"]}]},{"@type":"ImageObject","inLanguage":"en-US","@id":"https:\/\/wearemvmt.fr\/contactez-mvmt\/#primaryimage","url":"https:\/\/wearemvmt.fr\/wp-content\/plugins\/wpforms-lite\/assets\/images\/submit-spin.svg","contentUrl":"https:\/\/wearemvmt.fr\/wp-content\/plugins\/wpforms-lite\/assets\/images\/submit-spin.svg"},{"@type":"BreadcrumbList","@id":"https:\/\/wearemvmt.fr\/contactez-mvmt\/#breadcrumb","itemListElement":[{"@type":"ListItem","position":1,"name":"Home","item":"https:\/\/wearemvmt.fr\/"},{"@type":"ListItem","position":2,"name":"Contactez MVMT"}]},{"@type":"WebSite","@id":"https:\/\/wearemvmt.fr\/#website","url":"https:\/\/wearemvmt.fr\/","name":"MVMT","description":"Holding d&#039;investissement","publisher":{"@id":"https:\/\/wearemvmt.fr\/#organization"},"potentialAction":[{"@type":"SearchAction","target":{"@type":"EntryPoint","urlTemplate":"https:\/\/wearemvmt.fr\/?s={search_term_string}"},"query-input":{"@type":"PropertyValueSpecification","valueRequired":true,"valueName":"search_term_string"}}],"inLanguage":"en-US"},{"@type":"Organization","@id":"https:\/\/wearemvmt.fr\/#organization","name":"MVMT","url":"https:\/\/wearemvmt.fr\/","logo":{"@type":"ImageObject","inLanguage":"en-US","@id":"https:\/\/wearemvmt.fr\/#\/schema\/logo\/image\/","url":"https:\/\/wearemvmt.fr\/wp-content\/uploads\/2026\/01\/logo-mvmt-1.png","contentUrl":"https:\/\/wearemvmt.fr\/wp-content\/uploads\/2026\/01\/logo-mvmt-1.png","width":266,"height":80,"caption":"MVMT"},"image":{"@id":"https:\/\/wearemvmt.fr\/#\/schema\/logo\/image\/"}}]}},"_links":{"self":[{"href":"https:\/\/wearemvmt.fr\/en\/wp-json\/wp\/v2\/pages\/374","targetHints":{"allow":["GET"]}}],"collection":[{"href":"https:\/\/wearemvmt.fr\/en\/wp-json\/wp\/v2\/pages"}],"about":[{"href":"https:\/\/wearemvmt.fr\/en\/wp-json\/wp\/v2\/types\/page"}],"author":[{"embeddable":true,"href":"https:\/\/wearemvmt.fr\/en\/wp-json\/wp\/v2\/users\/2"}],"replies":[{"embeddable":true,"href":"https:\/\/wearemvmt.fr\/en\/wp-json\/wp\/v2\/comments?post=374"}],"version-history":[{"count":46,"href":"https:\/\/wearemvmt.fr\/en\/wp-json\/wp\/v2\/pages\/374\/revisions"}],"predecessor-version":[{"id":535,"href":"https:\/\/wearemvmt.fr\/en\/wp-json\/wp\/v2\/pages\/374\/revisions\/535"}],"wp:attachment":[{"href":"https:\/\/wearemvmt.fr\/en\/wp-json\/wp\/v2\/media?parent=374"}],"curies":[{"name":"wp","href":"https:\/\/api.w.org\/{rel}","templated":true}]}}