{"id":505,"date":"2026-01-26T11:33:12","date_gmt":"2026-01-26T11:33:12","guid":{"rendered":"https:\/\/wearemvmt.fr\/?page_id=505"},"modified":"2026-01-26T11:55:03","modified_gmt":"2026-01-26T11:55:03","slug":"mentions-legales","status":"publish","type":"page","link":"https:\/\/wearemvmt.fr\/en\/mentions-legales\/","title":{"rendered":"Mentions l\u00e9gales"},"content":{"rendered":"<div data-elementor-type=\"wp-page\" data-elementor-id=\"505\" class=\"elementor elementor-505\" data-elementor-post-type=\"page\">\n\t\t\t\t<div class=\"elementor-element elementor-element-b5a3c88 e-flex e-con-boxed e-con e-parent\" data-id=\"b5a3c88\" data-element_type=\"container\">\n\t\t\t\t\t<div class=\"e-con-inner\">\n\t\t<div class=\"elementor-element elementor-element-87ec9e9 e-con-full e-flex e-con e-child\" data-id=\"87ec9e9\" data-element_type=\"container\">\n\t\t\t\t<div class=\"elementor-element elementor-element-ed4d4b5 elementor-widget elementor-widget-heading\" data-id=\"ed4d4b5\" data-element_type=\"widget\" data-widget_type=\"heading.default\">\n\t\t\t\t\t<h2 class=\"elementor-heading-title elementor-size-default\">Mentions l\u00e9gales<\/h2>\t\t\t\t<\/div>\n\t\t\t\t<div class=\"elementor-element elementor-element-e07b1c1 elementor-widget elementor-widget-text-editor\" data-id=\"e07b1c1\" data-element_type=\"widget\" data-widget_type=\"text-editor.default\">\n\t\t\t\t\t\t\t\t\t<p>Conform\u00e9ment aux dispositions de la loi n\u00b0 2004-575 du 21 juin 2004 pour la confiance en l\u2019\u00e9conomie num\u00e9rique, il est pr\u00e9cis\u00e9 aux utilisateurs du site <a href=\"https:\/\/wearemvmt.fr\/en\/\">wearemvmt.fr<\/a> l\u2019identit\u00e9 des diff\u00e9rents intervenants dans le cadre de sa r\u00e9alisation et de son suivi.<\/p>\n<p><br><\/p>\n<p><\/p>\n<p><b>Edition du site<br><\/b>Le site <a href=\"https:\/\/wearemvmt.fr\/en\/\">wearemvmt.fr<\/a> est \u00e9dit\u00e9 par la soci\u00e9t\u00e9 Livingston au capital de 4.392.750\u20ac qui a d\u00e9but\u00e9 son activit\u00e9 le 8 Novembre 2012.<br>Le si\u00e8ge social est situ\u00e9 :<br>7 rue du perche, 75003, Paris<br>SIRET :&nbsp;78923389700030<\/p>\n<p><br><\/p>\n<p><\/p>\n<p><b>Responsable de publication<br><\/b>Jonathan Azoulay<\/p>\n<p><br><\/p>\n<p><\/p>\n<p><b>H\u00e9bergeur<\/b><br>Le site&nbsp;<a href=\"https:\/\/wearemvmt.fr\/en\/\">wearemvmt.fr<\/a> est h\u00e9berg\u00e9 par la soci\u00e9t\u00e9 :<br><u>Hostinger International Ltd.<br><\/u>Private Limited Company<br>Num\u00e9ro d&rsquo;enregistrement chypriote : HE 280124.<br>N\u00b0 TVA : CY 10280124U<br>Si\u00e8ge social : 61 Lordou Vironos Street, 6023 Larnaca, Chypre<\/p>\n<p><br><\/p>\n<p><b>Formulaire de contact<br><\/b>Les informations recueillies sur le formulaire sont enregistr\u00e9es dans un fichier informatis\u00e9 par la soci\u00e9t\u00e9 Livingston pour faire suite \u00e0 votre demande de contact.<br>Les donn\u00e9es collect\u00e9es seront communiqu\u00e9es aux seuls destinataires suivants : la soci\u00e9t\u00e9&nbsp;Livingston<br>Les donn\u00e9es sont conserv\u00e9es pendant 12 mois.<br>Vous pouvez acc\u00e9der aux donn\u00e9es vous concernant, les rectifier, demander leur effacement ou exercer votre droit \u00e0 la limitation du traitement de vos donn\u00e9es. Vous pouvez retirer \u00e0 tout moment votre consentement au traitement de vos donn\u00e9es ; Vous pouvez \u00e9galement vous opposer au traitement de vos donn\u00e9es ; Vous pouvez \u00e9galement exercer votre droit \u00e0 la portabilit\u00e9 de vos donn\u00e9es.<br>Consultez le site <a href=\"https:\/\/www.cnil.fr\/\">cnil.fr<\/a> pour plus d\u2019informations sur vos droits.<br>Pour exercer ces droits ou pour toute question sur le traitement de vos donn\u00e9es dans ce dispositif, vous pouvez contacter (le cas \u00e9ch\u00e9ant, notre d\u00e9l\u00e9gu\u00e9 \u00e0 la protection des donn\u00e9es ou le service charg\u00e9 de l\u2019exercice de ces droits) :<br><b>Livingston<\/b><br>7 rue du perche<br>75003, Paris<br>Si vous estimez, apr\u00e8s nous avoir contact\u00e9s, que vos droits \u00ab Informatique et Libert\u00e9s \u00bb ne sont pas respect\u00e9s, vous pouvez adresser une r\u00e9clamation \u00e0 la CNIL.<\/p><p><br><\/p>\n<p><b>Nous contacter<br><\/b>Par email : <a href=\"mailto:hello@wearemvmt.fr\">hello@wearemvmt.fr<\/a><\/p>\t\t\t\t\t\t\t\t<\/div>\n\t\t\t\t<\/div>\n\t\t\t\t\t<\/div>\n\t\t\t\t<\/div>\n\t\t\t\t<\/div>","protected":false},"excerpt":{"rendered":"<p>Mentions l\u00e9gales Conform\u00e9ment aux dispositions de la loi n\u00b0 2004-575 du 21 juin 2004 pour la confiance en l\u2019\u00e9conomie num\u00e9rique, il est pr\u00e9cis\u00e9 aux utilisateurs du site wearemvmt.fr l\u2019identit\u00e9 des diff\u00e9rents intervenants dans le cadre de sa r\u00e9alisation et de son suivi. Edition du siteLe site wearemvmt.fr est \u00e9dit\u00e9 par la soci\u00e9t\u00e9 Livingston au capital [&hellip;]<\/p>","protected":false},"author":1,"featured_media":0,"parent":0,"menu_order":0,"comment_status":"closed","ping_status":"closed","template":"","meta":{"footnotes":""},"class_list":["post-505","page","type-page","status-publish","hentry"],"yoast_head":"<!-- This site is optimized with the Yoast SEO plugin v26.8 - https:\/\/yoast.com\/product\/yoast-seo-wordpress\/ -->\n<title>Mentions l\u00e9gales - MVMT<\/title>\n<meta name=\"robots\" content=\"index, follow, max-snippet:-1, max-image-preview:large, max-video-preview:-1\" \/>\n<link rel=\"canonical\" href=\"https:\/\/wearemvmt.fr\/en\/mentions-legales\/\" \/>\n<meta property=\"og:locale\" content=\"en_US\" \/>\n<meta property=\"og:type\" content=\"article\" \/>\n<meta property=\"og:title\" content=\"Mentions l\u00e9gales - MVMT\" \/>\n<meta property=\"og:description\" content=\"Mentions l\u00e9gales Conform\u00e9ment aux dispositions de la loi n\u00b0 2004-575 du 21 juin 2004 pour la confiance en l\u2019\u00e9conomie num\u00e9rique, il est pr\u00e9cis\u00e9 aux utilisateurs du site wearemvmt.fr l\u2019identit\u00e9 des diff\u00e9rents intervenants dans le cadre de sa r\u00e9alisation et de son suivi. Edition du siteLe site wearemvmt.fr est \u00e9dit\u00e9 par la soci\u00e9t\u00e9 Livingston au capital [&hellip;]\" \/>\n<meta property=\"og:url\" content=\"https:\/\/wearemvmt.fr\/en\/mentions-legales\/\" \/>\n<meta property=\"og:site_name\" content=\"MVMT\" \/>\n<meta property=\"article:modified_time\" content=\"2026-01-26T11:55:03+00:00\" \/>\n<meta name=\"twitter:card\" content=\"summary_large_image\" \/>\n<meta name=\"twitter:label1\" content=\"Est. reading time\" \/>\n\t<meta name=\"twitter:data1\" content=\"2 minutes\" \/>\n<script type=\"application\/ld+json\" class=\"yoast-schema-graph\">{\"@context\":\"https:\/\/schema.org\",\"@graph\":[{\"@type\":\"WebPage\",\"@id\":\"https:\/\/wearemvmt.fr\/mentions-legales\/\",\"url\":\"https:\/\/wearemvmt.fr\/mentions-legales\/\",\"name\":\"Mentions l\u00e9gales - MVMT\",\"isPartOf\":{\"@id\":\"https:\/\/wearemvmt.fr\/#website\"},\"datePublished\":\"2026-01-26T11:33:12+00:00\",\"dateModified\":\"2026-01-26T11:55:03+00:00\",\"breadcrumb\":{\"@id\":\"https:\/\/wearemvmt.fr\/mentions-legales\/#breadcrumb\"},\"inLanguage\":\"en-US\",\"potentialAction\":[{\"@type\":\"ReadAction\",\"target\":[\"https:\/\/wearemvmt.fr\/mentions-legales\/\"]}]},{\"@type\":\"BreadcrumbList\",\"@id\":\"https:\/\/wearemvmt.fr\/mentions-legales\/#breadcrumb\",\"itemListElement\":[{\"@type\":\"ListItem\",\"position\":1,\"name\":\"Home\",\"item\":\"https:\/\/wearemvmt.fr\/\"},{\"@type\":\"ListItem\",\"position\":2,\"name\":\"Mentions l\u00e9gales\"}]},{\"@type\":\"WebSite\",\"@id\":\"https:\/\/wearemvmt.fr\/#website\",\"url\":\"https:\/\/wearemvmt.fr\/\",\"name\":\"MVMT\",\"description\":\"Holding d&#039;investissement\",\"publisher\":{\"@id\":\"https:\/\/wearemvmt.fr\/#organization\"},\"potentialAction\":[{\"@type\":\"SearchAction\",\"target\":{\"@type\":\"EntryPoint\",\"urlTemplate\":\"https:\/\/wearemvmt.fr\/?s={search_term_string}\"},\"query-input\":{\"@type\":\"PropertyValueSpecification\",\"valueRequired\":true,\"valueName\":\"search_term_string\"}}],\"inLanguage\":\"en-US\"},{\"@type\":\"Organization\",\"@id\":\"https:\/\/wearemvmt.fr\/#organization\",\"name\":\"MVMT\",\"url\":\"https:\/\/wearemvmt.fr\/\",\"logo\":{\"@type\":\"ImageObject\",\"inLanguage\":\"en-US\",\"@id\":\"https:\/\/wearemvmt.fr\/#\/schema\/logo\/image\/\",\"url\":\"https:\/\/wearemvmt.fr\/wp-content\/uploads\/2026\/01\/logo-mvmt-1.png\",\"contentUrl\":\"https:\/\/wearemvmt.fr\/wp-content\/uploads\/2026\/01\/logo-mvmt-1.png\",\"width\":266,\"height\":80,\"caption\":\"MVMT\"},\"image\":{\"@id\":\"https:\/\/wearemvmt.fr\/#\/schema\/logo\/image\/\"}}]}<\/script>\n<!-- \/ Yoast SEO plugin. -->","yoast_head_json":{"title":"Mentions l\u00e9gales - MVMT","robots":{"index":"index","follow":"follow","max-snippet":"max-snippet:-1","max-image-preview":"max-image-preview:large","max-video-preview":"max-video-preview:-1"},"canonical":"https:\/\/wearemvmt.fr\/en\/mentions-legales\/","og_locale":"en_US","og_type":"article","og_title":"Mentions l\u00e9gales - MVMT","og_description":"Mentions l\u00e9gales Conform\u00e9ment aux dispositions de la loi n\u00b0 2004-575 du 21 juin 2004 pour la confiance en l\u2019\u00e9conomie num\u00e9rique, il est pr\u00e9cis\u00e9 aux utilisateurs du site wearemvmt.fr l\u2019identit\u00e9 des diff\u00e9rents intervenants dans le cadre de sa r\u00e9alisation et de son suivi. Edition du siteLe site wearemvmt.fr est \u00e9dit\u00e9 par la soci\u00e9t\u00e9 Livingston au capital [&hellip;]","og_url":"https:\/\/wearemvmt.fr\/en\/mentions-legales\/","og_site_name":"MVMT","article_modified_time":"2026-01-26T11:55:03+00:00","twitter_card":"summary_large_image","twitter_misc":{"Est. reading time":"2 minutes"},"schema":{"@context":"https:\/\/schema.org","@graph":[{"@type":"WebPage","@id":"https:\/\/wearemvmt.fr\/mentions-legales\/","url":"https:\/\/wearemvmt.fr\/mentions-legales\/","name":"Mentions l\u00e9gales - MVMT","isPartOf":{"@id":"https:\/\/wearemvmt.fr\/#website"},"datePublished":"2026-01-26T11:33:12+00:00","dateModified":"2026-01-26T11:55:03+00:00","breadcrumb":{"@id":"https:\/\/wearemvmt.fr\/mentions-legales\/#breadcrumb"},"inLanguage":"en-US","potentialAction":[{"@type":"ReadAction","target":["https:\/\/wearemvmt.fr\/mentions-legales\/"]}]},{"@type":"BreadcrumbList","@id":"https:\/\/wearemvmt.fr\/mentions-legales\/#breadcrumb","itemListElement":[{"@type":"ListItem","position":1,"name":"Home","item":"https:\/\/wearemvmt.fr\/"},{"@type":"ListItem","position":2,"name":"Mentions l\u00e9gales"}]},{"@type":"WebSite","@id":"https:\/\/wearemvmt.fr\/#website","url":"https:\/\/wearemvmt.fr\/","name":"MVMT","description":"Holding d&#039;investissement","publisher":{"@id":"https:\/\/wearemvmt.fr\/#organization"},"potentialAction":[{"@type":"SearchAction","target":{"@type":"EntryPoint","urlTemplate":"https:\/\/wearemvmt.fr\/?s={search_term_string}"},"query-input":{"@type":"PropertyValueSpecification","valueRequired":true,"valueName":"search_term_string"}}],"inLanguage":"en-US"},{"@type":"Organization","@id":"https:\/\/wearemvmt.fr\/#organization","name":"MVMT","url":"https:\/\/wearemvmt.fr\/","logo":{"@type":"ImageObject","inLanguage":"en-US","@id":"https:\/\/wearemvmt.fr\/#\/schema\/logo\/image\/","url":"https:\/\/wearemvmt.fr\/wp-content\/uploads\/2026\/01\/logo-mvmt-1.png","contentUrl":"https:\/\/wearemvmt.fr\/wp-content\/uploads\/2026\/01\/logo-mvmt-1.png","width":266,"height":80,"caption":"MVMT"},"image":{"@id":"https:\/\/wearemvmt.fr\/#\/schema\/logo\/image\/"}}]}},"_links":{"self":[{"href":"https:\/\/wearemvmt.fr\/en\/wp-json\/wp\/v2\/pages\/505","targetHints":{"allow":["GET"]}}],"collection":[{"href":"https:\/\/wearemvmt.fr\/en\/wp-json\/wp\/v2\/pages"}],"about":[{"href":"https:\/\/wearemvmt.fr\/en\/wp-json\/wp\/v2\/types\/page"}],"author":[{"embeddable":true,"href":"https:\/\/wearemvmt.fr\/en\/wp-json\/wp\/v2\/users\/1"}],"replies":[{"embeddable":true,"href":"https:\/\/wearemvmt.fr\/en\/wp-json\/wp\/v2\/comments?post=505"}],"version-history":[{"count":7,"href":"https:\/\/wearemvmt.fr\/en\/wp-json\/wp\/v2\/pages\/505\/revisions"}],"predecessor-version":[{"id":532,"href":"https:\/\/wearemvmt.fr\/en\/wp-json\/wp\/v2\/pages\/505\/revisions\/532"}],"wp:attachment":[{"href":"https:\/\/wearemvmt.fr\/en\/wp-json\/wp\/v2\/media?parent=505"}],"curies":[{"name":"wp","href":"https:\/\/api.w.org\/{rel}","templated":true}]}}